{"id":637,"date":"2013-08-26T13:27:50","date_gmt":"2013-08-26T11:27:50","guid":{"rendered":"http:\/\/sportskiobjekti.com\/?page_id=637"},"modified":"2026-03-13T09:21:50","modified_gmt":"2026-03-13T08:21:50","slug":"javne-nabavke","status":"publish","type":"page","link":"https:\/\/sportskiobjekti.com\/?page_id=637","title":{"rendered":"Javne nabavke"},"content":{"rendered":"<ul>\n<li><a href=\"https:\/\/sportskiobjekti.com\/wp-content\/uploads\/2025\/11\/USVOJEN-PRAVILNIK-2025.pdf\"><strong>Pravilnik o bli\u017eem ure\u0111ivanju postupka nabavki za Javnu ustanovu &#8220;Sportski objekti&#8221; Zrenjanin<\/strong><\/a><\/li>\n<li><a href=\"https:\/\/sportskiobjekti.com\/wp-content\/uploads\/2024\/09\/Izmenjena-i-dopunjena-verzija-Plana-javnih-nabavki-za-2024.-godinu.xlsx\"><strong>Plan javnih nabavki za 2024. godinu<\/strong><\/a><\/li>\n<li><a href=\"https:\/\/sportskiobjekti.com\/wp-content\/uploads\/2024\/12\/Plan-javnih-nabavki-za-2025.-godinu.xlsx\"><strong>Plan javnih nabavki za 2025. godinu<\/strong><\/a><\/li>\n<li><a href=\"https:\/\/sportskiobjekti.com\/wp-content\/uploads\/2025\/12\/Plan-javnih-nabavki-za-2026.-godinu.xlsx\"><strong>Plan javnih nabavki za 2026. godinu<\/strong><\/a><\/li>\n<\/ul>\n<p>&nbsp;<\/p>\n<p><strong>Nabavke u toku<br \/>\n<\/strong><strong>14.01.2026.<\/strong><br \/>\nNabavka elektri\u010dne energije<br \/>\n* <a href=\"https:\/\/sportskiobjekti.com\/wp-content\/uploads\/2026\/01\/JNSTRUJA2026-Javni-poziv-20.pdf\">Javni poziv<\/a><br \/>\n* <a href=\"https:\/\/sportskiobjekti.com\/wp-content\/uploads\/2026\/02\/JN26-elen-Odluka-o-dodeli-ugovora29.doc\">Odluka o dodeli ugovora<\/a><br \/>\n* <a href=\"https:\/\/sportskiobjekti.com\/wp-content\/uploads\/2026\/03\/JN26-elen-Obavestenje-o-dodeli-ugovora-obustavi-ili-ponistenju-17.pdf\">Obave\u0161tenje o dodeli ugovora, obustavi ili poni\u0161tenju<\/a><\/p>\n<p><strong>14.01.2026.<\/strong><br \/>\nNabavka prirodnog gasa<br \/>\n* <a href=\"https:\/\/sportskiobjekti.com\/wp-content\/uploads\/2026\/01\/JNGAS2026-Javni-poziv-19.pdf\">Javni poziv<\/a><br \/>\n* <a href=\"https:\/\/sportskiobjekti.com\/wp-content\/uploads\/2026\/02\/JN2026-gas-Odluka-o-dodeli-ugovora28.doc\">Odluka o dodeli ugovora<\/a><br \/>\n* <a href=\"https:\/\/sportskiobjekti.com\/wp-content\/uploads\/2026\/03\/JN26-gas-Obavestenje-o-dodeli-ugovora-obustavi-ili-ponistenju-16.pdf\">Obave\u0161tenje o dodeli ugovora, obustavi ili poni\u0161tenju<\/a><\/p>\n<p><strong>Zavr\u0161ene nabavke<\/strong><br \/>\n<strong>11.09.2025.<\/strong><br \/>\nNABAVKA I POSTAVLJANJE OGRADE STADIONA PERLEZ<br \/>\n* <a href=\"https:\/\/sportskiobjekti.com\/wp-content\/uploads\/2025\/09\/NABAVKA-I-POSTAVLJANJE-OGRADE-STADIONA-PERLEZ-Javni-poziv-25.pdf\">Javni poziv<\/a><br \/>\n* <a href=\"https:\/\/sportskiobjekti.com\/wp-content\/uploads\/2025\/09\/JN-ograda-perlez-Odluka-o-obustavi-postupka.doc\">Odluka o obustavi postupka<\/a><br \/>\n* <a href=\"https:\/\/sportskiobjekti.com\/wp-content\/uploads\/2025\/10\/JN-Perlez-Obavestenje-o-dodeli-ugovora-obustavi-ili-ponistenju-15.pdf\">Obave\u0161tenje o dodeli ugovora, obustavi ili poni\u0161tenju<\/a><\/p>\n<p><strong>14.02.2025.<br \/>\n<\/strong>Nabavka elektri\u010dne energije<br \/>\n*&nbsp; <a href=\"https:\/\/sportskiobjekti.com\/wp-content\/uploads\/2025\/02\/JN2025-Struja-Javni-poziv.pdf\">Javni poziv<\/a><br \/>\n* <a href=\"https:\/\/sportskiobjekti.com\/wp-content\/uploads\/2025\/03\/JN25-Struja-Odluka-o-dodeli-ugovora24.docx\">Odluka o dodeli ugovora<\/a><br \/>\n* <a href=\"https:\/\/sportskiobjekti.com\/wp-content\/uploads\/2025\/04\/JN2025-Struja-Obavestenje-o-dodeli-ugovora-obustavi-ili-ponistenju-14.pdf\">Obave\u0161tenje o dodeli ugovora<\/a><\/p>\n<p><strong>15.01.2025.<br \/>\n<\/strong>Nabavka prirodnog gasa<br \/>\n* &nbsp;<a href=\"https:\/\/sportskiobjekti.com\/wp-content\/uploads\/2025\/02\/JN2025-Gas-Javni-poziv.pdf\">Javni poziv<\/a><br \/>\n* &nbsp;<a href=\"https:\/\/sportskiobjekti.com\/wp-content\/uploads\/2025\/02\/JN2025-Gas-Odluka-o-dodeli-ugovora.docx\">Odluka o dodeli ugovora<\/a><br \/>\n* <a href=\"https:\/\/sportskiobjekti.com\/wp-content\/uploads\/2025\/03\/JN25-Gas-Obavestenje-o-dodeli-ugovora-obustavi-ili-ponistenju-13.pdf\">Obave\u0161tenje o dodeli ugovora<\/a><\/p>\n<p>&nbsp;<\/p>\n","protected":false},"excerpt":{"rendered":"<p>Pravilnik o bli\u017eem ure\u0111ivanju postupka nabavki za Javnu ustanovu &#8220;Sportski objekti&#8221; Zrenjanin Plan javnih nabavki za 2024. godinu Plan javnih nabavki za 2025. godinu Plan javnih nabavki za 2026. godinu &nbsp; Nabavke u toku 14.01.2026. Nabavka elektri\u010dne energije * Javni poziv * Odluka o dodeli ugovora * Obave\u0161tenje o dodeli ugovora, obustavi ili poni\u0161tenju 14.01.2026. &hellip; <\/p>\n<p><a class=\"more-link btn\" href=\"https:\/\/sportskiobjekti.com\/?page_id=637\">Continue reading<\/a><\/p>\n","protected":false},"author":1,"featured_media":0,"parent":1914,"menu_order":1,"comment_status":"closed","ping_status":"open","template":"","meta":{"ngg_post_thumbnail":0,"footnotes":""},"class_list":["post-637","page","type-page","status-publish","hentry","nodate","item-wrap"],"_links":{"self":[{"href":"https:\/\/sportskiobjekti.com\/index.php?rest_route=\/wp\/v2\/pages\/637","targetHints":{"allow":["GET"]}}],"collection":[{"href":"https:\/\/sportskiobjekti.com\/index.php?rest_route=\/wp\/v2\/pages"}],"about":[{"href":"https:\/\/sportskiobjekti.com\/index.php?rest_route=\/wp\/v2\/types\/page"}],"author":[{"embeddable":true,"href":"https:\/\/sportskiobjekti.com\/index.php?rest_route=\/wp\/v2\/users\/1"}],"replies":[{"embeddable":true,"href":"https:\/\/sportskiobjekti.com\/index.php?rest_route=%2Fwp%2Fv2%2Fcomments&post=637"}],"version-history":[{"count":175,"href":"https:\/\/sportskiobjekti.com\/index.php?rest_route=\/wp\/v2\/pages\/637\/revisions"}],"predecessor-version":[{"id":4600,"href":"https:\/\/sportskiobjekti.com\/index.php?rest_route=\/wp\/v2\/pages\/637\/revisions\/4600"}],"up":[{"embeddable":true,"href":"https:\/\/sportskiobjekti.com\/index.php?rest_route=\/wp\/v2\/pages\/1914"}],"wp:attachment":[{"href":"https:\/\/sportskiobjekti.com\/index.php?rest_route=%2Fwp%2Fv2%2Fmedia&parent=637"}],"curies":[{"name":"wp","href":"https:\/\/api.w.org\/{rel}","templated":true}]}}