{"id":495,"date":"2013-02-14T12:51:17","date_gmt":"2013-02-14T11:51:17","guid":{"rendered":"http:\/\/sportskiobjekti.com\/?page_id=495"},"modified":"2025-03-13T10:37:26","modified_gmt":"2025-03-13T09:37:26","slug":"marketing","status":"publish","type":"page","link":"https:\/\/sportskiobjekti.com\/?page_id=495","title":{"rendered":"Reklamni kapacitet"},"content":{"rendered":"<p>Javna ustanova \u201cSportski objekti\u201d Zrenjanin Vam pru\u017ea specijalnu ponudu da reklamirate svoje proizvode i usluge u na\u0161im objektima.<\/p>\n<p>Na raspolaganju su Vam slede\u0107i objekti kojima upravlja na\u0161a Ustanova:<\/p>\n<ul>\n<li>Hala sportova \u201cKristalna dvorana\u201d<\/li>\n<li>Hala \u201cMedison\u201d<\/li>\n<li>Sportsko rekreativni centar \u201cJug bazeni\u201d<\/li>\n<li>Gradski stadion<\/li>\n<li>Sportski centar \u201cMala amerika\u201d<\/li>\n<li>Dom borila\u010dkih sportova<\/li>\n<li>Sportsko rekreativni centar \u201cPartizan\u201d<\/li>\n<\/ul>\n<p>Pozivamo Vas da budete deo ambijenta svih sportskih de\u0161avanja u na\u0161em gradu. \u017delimo da se Va\u0161a kompanija na\u0111e na reklamnim panoima u na\u0161im objektima za vreme odr\u017eavanja svih doma\u0107ih i me\u0111unarodnih rukometnih, ko\u0161arka\u0161kih, odbojka\u0161kih&#8230; utakmica kao i na svim pliva\u010dkim, vaterpolo, rva\u010dkim, d\u017eudo, boks&#8230; takmi\u010denjima i mitinzima. Na raspolaganju su Vam takodje i oficijalni sajt na\u0161e Ustanove, prostor na borili\u0161tima, prostor ispred i na objektima, zvu\u010dna reklama u objektima.<\/p>\n<p><strong>Pogledajte i preuzmite <a href=\"http:\/\/media.sportskiobjekti.com\/2013\/02\/Katalog-namenskog-obelezavanja-KRISTALNA-DVORANA.pdf\">Katalog namenskog obele\u017eavanja &#8211; Kristalna dvorana<\/a><\/strong><\/p>\n<p>Kontakt:<br \/>\nZlatana Anki\u0107<br \/>\ne-mail: <a href=\"mailto: zlatana.ankic@sportskiobjekti.com\">zlatana.ankic@sportskiobjekti.com<\/a><\/p>\n<p>marketing@sportskiobjekti.com<\/p>\n","protected":false},"excerpt":{"rendered":"<p>Javna ustanova \u201cSportski objekti\u201d Zrenjanin Vam pru\u017ea specijalnu ponudu da reklamirate svoje proizvode i usluge u na\u0161im objektima. Na raspolaganju su Vam slede\u0107i objekti kojima upravlja na\u0161a Ustanova: Hala sportova \u201cKristalna dvorana\u201d Hala \u201cMedison\u201d Sportsko rekreativni centar \u201cJug bazeni\u201d Gradski stadion Sportski centar \u201cMala amerika\u201d Dom borila\u010dkih sportova Sportsko rekreativni centar \u201cPartizan\u201d Pozivamo Vas da &hellip; <\/p>\n<p><a class=\"more-link btn\" href=\"https:\/\/sportskiobjekti.com\/?page_id=495\">Continue reading<\/a><\/p>\n","protected":false},"author":1,"featured_media":0,"parent":836,"menu_order":3,"comment_status":"closed","ping_status":"open","template":"","meta":{"ngg_post_thumbnail":0,"footnotes":""},"class_list":["post-495","page","type-page","status-publish","hentry","nodate","item-wrap"],"_links":{"self":[{"href":"https:\/\/sportskiobjekti.com\/index.php?rest_route=\/wp\/v2\/pages\/495","targetHints":{"allow":["GET"]}}],"collection":[{"href":"https:\/\/sportskiobjekti.com\/index.php?rest_route=\/wp\/v2\/pages"}],"about":[{"href":"https:\/\/sportskiobjekti.com\/index.php?rest_route=\/wp\/v2\/types\/page"}],"author":[{"embeddable":true,"href":"https:\/\/sportskiobjekti.com\/index.php?rest_route=\/wp\/v2\/users\/1"}],"replies":[{"embeddable":true,"href":"https:\/\/sportskiobjekti.com\/index.php?rest_route=%2Fwp%2Fv2%2Fcomments&post=495"}],"version-history":[{"count":16,"href":"https:\/\/sportskiobjekti.com\/index.php?rest_route=\/wp\/v2\/pages\/495\/revisions"}],"predecessor-version":[{"id":3775,"href":"https:\/\/sportskiobjekti.com\/index.php?rest_route=\/wp\/v2\/pages\/495\/revisions\/3775"}],"up":[{"embeddable":true,"href":"https:\/\/sportskiobjekti.com\/index.php?rest_route=\/wp\/v2\/pages\/836"}],"wp:attachment":[{"href":"https:\/\/sportskiobjekti.com\/index.php?rest_route=%2Fwp%2Fv2%2Fmedia&parent=495"}],"curies":[{"name":"wp","href":"https:\/\/api.w.org\/{rel}","templated":true}]}}