{"id":161,"date":"2012-02-21T13:13:08","date_gmt":"2012-02-21T12:13:08","guid":{"rendered":"http:\/\/sportskiobjekti.com\/?page_id=161"},"modified":"2024-12-10T08:03:12","modified_gmt":"2024-12-10T07:03:12","slug":"nova-hala-sportova-kristalna-dvorana","status":"publish","type":"page","link":"https:\/\/sportskiobjekti.com\/?page_id=161","title":{"rendered":"Hala sportova &#8220;Kristalna dvorana&#8221;"},"content":{"rendered":"<p><iframe loading=\"lazy\" title=\"Nova hala sportova\" src=\"https:\/\/player.vimeo.com\/video\/36681201?dnt=1&amp;app_id=122963\" width=\"720\" height=\"576\" frameborder=\"0\" allow=\"autoplay; fullscreen; picture-in-picture; clipboard-write\"><\/iframe><\/p>\n<p>Izgradnja nove Hale sportova zapo\u010deta je 2006. godine, a ukupna vrednost radova procenjena je na oko 720 miliona dinara.\u00a0 Ve\u0107i deo sredstava, 455,8 miliona dinara, obezbedio je Fond za kapitalna ulaganja Vojvodine, a ostala sredstva Grad Zrenjanin.<\/p>\n<div id=\"attachment_229\" style=\"width: 349px\" class=\"wp-caption alignleft\"><a href=\"http:\/\/media.sportskiobjekti.com\/2012\/02\/kristalna_dvorana.jpg\"><img loading=\"lazy\" decoding=\"async\" aria-describedby=\"caption-attachment-229\" class=\" wp-image-229\" title=\"Kristalna dvorana\" src=\"http:\/\/media.sportskiobjekti.com\/2012\/02\/kristalna_dvorana.jpg\" alt=\"Kristalna dvorana\" width=\"349\" height=\"185\" \/><\/a><p id=\"caption-attachment-229\" class=\"wp-caption-text\">Kristalna dvorana<\/p><\/div>\n<p>Hala je zvani\u010dno otvorena 5. jula 2009. godine ko\u0161arka\u0161kom utakmicom reprezentacija SAD i Poljske u okviru Univerzijade koja je te godine odr\u017eana u na\u0161oj zemlji.<\/p>\n<p>Ova moderna sportska hala pru\u017ea mogu\u0107nost organizovanja razli\u010ditih sportskih i kulturnih doga\u0111aja.<\/p>\n<p><strong>Sadr\u017eaj i tereni<\/strong><\/p>\n<ul>\n<li><strong>Sportovi: <\/strong>Ko\u0161arka, odbojka, rukomet, mali fudbal, stoni tenis, borila\u010dki sportovi<\/li>\n<li><strong>Doga\u0111aji: <\/strong>Sportske aktivnosti, koncerti<\/li>\n<\/ul>\n<p><strong>Kapacitet i infrastruktura<\/strong><\/p>\n<ul>\n<li><strong>Kapacitet: <\/strong>2500 gledalaca<\/li>\n<li><strong>Svla\u010dionice: <\/strong>9 svla\u010dionica<\/li>\n<li><strong>Press sala<\/strong><\/li>\n<li><strong>Ambulanta<\/strong><\/li>\n<li><strong>Moderna teretana<\/strong><\/li>\n<li><strong>Parket sa FIBA atestom<\/strong><\/li>\n<li><strong>Nova podloga: <\/strong>Tarfleks, omogu\u0107ava takmi\u010denja u vi\u0161e razli\u010ditih sportova<\/li>\n<li><strong>Povr\u0161ina objekta: <\/strong>1120 m\u00b2<\/li>\n<\/ul>\n<p><strong>\u00a0<\/strong><\/p>\n<p><strong>Najva\u017eniji doga\u0111aji<\/strong><\/p>\n<ul>\n<li>Svetsko prvenstvo u rukometu za \u017eene<\/li>\n<li>Svetsko prvenstvo u rvanju<\/li>\n<li>WTA turnir u tenisu<\/li>\n<li>Baletske predstave<\/li>\n<li>Vi\u0161e koncerata popularnih peva\u010da<\/li>\n<li>Konvencije i sve\u010dane manifestacije<\/li>\n<li>Proslave razli\u010ditih klubova i organizacija<\/li>\n<\/ul>\n<p><strong>Javna Ustanova<\/strong><\/p>\n<p>\u201eKristalna dvorana\u201c je od strane grada data na odr\u017eavanje javnoj ustanovi, \u010dime se osigurava njeno redovno odr\u017eavanje i funkcionalnost.<\/p>\n<p>\u201eKristalna dvorana\u201c je va\u017ean centar za sport i zabavu u regionu. Svake godine, dvorana ugosti veliki broj sportskih doga\u0111aja, koncerata i drugih manifestacija, doprinose\u0107i promociji sporta i kulture u zajednici. Njena univerzalnost i prilagodljivost \u010dine je klju\u010dnim mestom za razvoj lokalne sportske i kulturne scene.<\/p>\n<p>Sa svojom modernom infrastrukturom i raznovrsnim sadr\u017eajem, \u201eKristalna dvorana\u201c je postala omiljeno mesto za sportske entuzijaste, muzi\u010dke ljubitelje i sve one koji tra\u017ee kvalitetan i bezbedan prostor za rekreaciju i zabavu.<\/p>\n<p><img decoding=\"async\" src=\"https:\/\/sportskiobjekti.com\/wp-content\/uploads\/2024\/12\/Hala_sportova_Zrenjanin-1024x754.jpg\" alt=\"This image has an empty alt attribute; its file name is Hala_sportova_Zrenjanin-1024x754.jpg\" \/><\/p>\n\n\n<figure class=\"wp-block-image size-full\"><img loading=\"lazy\" decoding=\"async\" width=\"800\" height=\"533\" src=\"https:\/\/sportskiobjekti.com\/wp-content\/uploads\/2024\/12\/20241209_125913-1.jpg\" alt=\"\" class=\"wp-image-3427\" srcset=\"https:\/\/sportskiobjekti.com\/wp-content\/uploads\/2024\/12\/20241209_125913-1.jpg 800w, https:\/\/sportskiobjekti.com\/wp-content\/uploads\/2024\/12\/20241209_125913-1-300x200.jpg 300w, https:\/\/sportskiobjekti.com\/wp-content\/uploads\/2024\/12\/20241209_125913-1-768x512.jpg 768w, https:\/\/sportskiobjekti.com\/wp-content\/uploads\/2024\/12\/20241209_125913-1-400x267.jpg 400w, https:\/\/sportskiobjekti.com\/wp-content\/uploads\/2024\/12\/20241209_125913-1-750x500.jpg 750w\" sizes=\"auto, (max-width: 800px) 100vw, 800px\" \/><\/figure>\n\n\n\n<figure class=\"wp-block-image size-full\"><img loading=\"lazy\" decoding=\"async\" width=\"800\" height=\"533\" src=\"https:\/\/sportskiobjekti.com\/wp-content\/uploads\/2024\/12\/20241209_125815-1.jpg\" alt=\"\" class=\"wp-image-3425\" srcset=\"https:\/\/sportskiobjekti.com\/wp-content\/uploads\/2024\/12\/20241209_125815-1.jpg 800w, https:\/\/sportskiobjekti.com\/wp-content\/uploads\/2024\/12\/20241209_125815-1-300x200.jpg 300w, https:\/\/sportskiobjekti.com\/wp-content\/uploads\/2024\/12\/20241209_125815-1-768x512.jpg 768w, https:\/\/sportskiobjekti.com\/wp-content\/uploads\/2024\/12\/20241209_125815-1-400x267.jpg 400w, https:\/\/sportskiobjekti.com\/wp-content\/uploads\/2024\/12\/20241209_125815-1-750x500.jpg 750w\" sizes=\"auto, (max-width: 800px) 100vw, 800px\" \/><\/figure>\n\n\n\n<figure class=\"wp-block-image size-full is-resized\"><img loading=\"lazy\" decoding=\"async\" width=\"600\" height=\"400\" src=\"https:\/\/sportskiobjekti.com\/wp-content\/uploads\/2024\/12\/1000032178.jpg\" alt=\"\" class=\"wp-image-3412\" style=\"width:636px;height:auto\" srcset=\"https:\/\/sportskiobjekti.com\/wp-content\/uploads\/2024\/12\/1000032178.jpg 600w, https:\/\/sportskiobjekti.com\/wp-content\/uploads\/2024\/12\/1000032178-300x200.jpg 300w, https:\/\/sportskiobjekti.com\/wp-content\/uploads\/2024\/12\/1000032178-400x267.jpg 400w\" sizes=\"auto, (max-width: 600px) 100vw, 600px\" \/><\/figure>\n\n\n\n<figure class=\"wp-block-image size-full is-resized\"><img loading=\"lazy\" decoding=\"async\" width=\"800\" height=\"533\" src=\"https:\/\/sportskiobjekti.com\/wp-content\/uploads\/2024\/12\/1000032181.jpg\" alt=\"\" class=\"wp-image-3414\" style=\"width:637px;height:auto\" srcset=\"https:\/\/sportskiobjekti.com\/wp-content\/uploads\/2024\/12\/1000032181.jpg 800w, https:\/\/sportskiobjekti.com\/wp-content\/uploads\/2024\/12\/1000032181-300x200.jpg 300w, https:\/\/sportskiobjekti.com\/wp-content\/uploads\/2024\/12\/1000032181-768x512.jpg 768w, https:\/\/sportskiobjekti.com\/wp-content\/uploads\/2024\/12\/1000032181-400x267.jpg 400w, https:\/\/sportskiobjekti.com\/wp-content\/uploads\/2024\/12\/1000032181-750x500.jpg 750w\" sizes=\"auto, (max-width: 800px) 100vw, 800px\" \/><\/figure>\n\n\n\n<figure class=\"wp-block-image size-full is-resized\"><img loading=\"lazy\" decoding=\"async\" width=\"800\" height=\"533\" src=\"https:\/\/sportskiobjekti.com\/wp-content\/uploads\/2024\/12\/1000032179.jpg\" alt=\"\" class=\"wp-image-3415\" style=\"width:636px;height:auto\" srcset=\"https:\/\/sportskiobjekti.com\/wp-content\/uploads\/2024\/12\/1000032179.jpg 800w, https:\/\/sportskiobjekti.com\/wp-content\/uploads\/2024\/12\/1000032179-300x200.jpg 300w, https:\/\/sportskiobjekti.com\/wp-content\/uploads\/2024\/12\/1000032179-768x512.jpg 768w, https:\/\/sportskiobjekti.com\/wp-content\/uploads\/2024\/12\/1000032179-400x267.jpg 400w, https:\/\/sportskiobjekti.com\/wp-content\/uploads\/2024\/12\/1000032179-750x500.jpg 750w\" sizes=\"auto, (max-width: 800px) 100vw, 800px\" \/><\/figure>\n\n\n\n<figure class=\"wp-block-image size-full\"><img loading=\"lazy\" decoding=\"async\" width=\"633\" height=\"800\" src=\"https:\/\/sportskiobjekti.com\/wp-content\/uploads\/2024\/12\/1000032180.jpg\" alt=\"\" class=\"wp-image-3416\" srcset=\"https:\/\/sportskiobjekti.com\/wp-content\/uploads\/2024\/12\/1000032180.jpg 633w, https:\/\/sportskiobjekti.com\/wp-content\/uploads\/2024\/12\/1000032180-237x300.jpg 237w, https:\/\/sportskiobjekti.com\/wp-content\/uploads\/2024\/12\/1000032180-396x500.jpg 396w\" sizes=\"auto, (max-width: 633px) 100vw, 633px\" \/><\/figure>\n\n\n\n<figure class=\"wp-block-gallery has-nested-images columns-default is-cropped wp-block-gallery-1 is-layout-flex wp-block-gallery-is-layout-flex\"><\/figure>\n\n\n","protected":false},"excerpt":{"rendered":"<p>Izgradnja nove Hale sportova zapo\u010deta je 2006. godine, a ukupna vrednost radova procenjena je na oko 720 miliona dinara.\u00a0 Ve\u0107i deo sredstava, 455,8 miliona dinara, obezbedio je Fond za kapitalna ulaganja Vojvodine, a ostala sredstva Grad Zrenjanin. Hala je zvani\u010dno otvorena 5. jula 2009. godine ko\u0161arka\u0161kom utakmicom reprezentacija SAD i Poljske u okviru Univerzijade koja &hellip; <\/p>\n<p><a class=\"more-link btn\" href=\"https:\/\/sportskiobjekti.com\/?page_id=161\">Continue reading<\/a><\/p>\n","protected":false},"author":1,"featured_media":0,"parent":93,"menu_order":0,"comment_status":"closed","ping_status":"open","template":"","meta":{"ngg_post_thumbnail":0,"footnotes":""},"class_list":["post-161","page","type-page","status-publish","hentry","nodate","item-wrap"],"_links":{"self":[{"href":"https:\/\/sportskiobjekti.com\/index.php?rest_route=\/wp\/v2\/pages\/161","targetHints":{"allow":["GET"]}}],"collection":[{"href":"https:\/\/sportskiobjekti.com\/index.php?rest_route=\/wp\/v2\/pages"}],"about":[{"href":"https:\/\/sportskiobjekti.com\/index.php?rest_route=\/wp\/v2\/types\/page"}],"author":[{"embeddable":true,"href":"https:\/\/sportskiobjekti.com\/index.php?rest_route=\/wp\/v2\/users\/1"}],"replies":[{"embeddable":true,"href":"https:\/\/sportskiobjekti.com\/index.php?rest_route=%2Fwp%2Fv2%2Fcomments&post=161"}],"version-history":[{"count":11,"href":"https:\/\/sportskiobjekti.com\/index.php?rest_route=\/wp\/v2\/pages\/161\/revisions"}],"predecessor-version":[{"id":3428,"href":"https:\/\/sportskiobjekti.com\/index.php?rest_route=\/wp\/v2\/pages\/161\/revisions\/3428"}],"up":[{"embeddable":true,"href":"https:\/\/sportskiobjekti.com\/index.php?rest_route=\/wp\/v2\/pages\/93"}],"wp:attachment":[{"href":"https:\/\/sportskiobjekti.com\/index.php?rest_route=%2Fwp%2Fv2%2Fmedia&parent=161"}],"curies":[{"name":"wp","href":"https:\/\/api.w.org\/{rel}","templated":true}]}}