{"id":149,"date":"2012-02-20T08:54:55","date_gmt":"2012-02-20T07:54:55","guid":{"rendered":"http:\/\/sportskiobjekti.com\/?page_id=149"},"modified":"2025-06-24T09:05:05","modified_gmt":"2025-06-24T07:05:05","slug":"sportsko-rekreativni-centar-jug-bazen","status":"publish","type":"page","link":"https:\/\/sportskiobjekti.com\/?page_id=149","title":{"rendered":"Sportsko rekreativni centar \u201cJug Bazen\u201d"},"content":{"rendered":"<p><iframe loading=\"lazy\" title=\"Sportsko rekreativni centar &quot;Jug Bazen&quot;\" src=\"https:\/\/player.vimeo.com\/video\/37094784?dnt=1&amp;app_id=122963\" width=\"720\" height=\"576\" frameborder=\"0\" allow=\"autoplay; fullscreen; picture-in-picture; clipboard-write\"><\/iframe><\/p>\n<h3>Dobrodo\u0161li na Gradski bazen \u2013 Zrenjanin!<\/h3>\n<p>Javna ustanova&nbsp;&#8220;Sportski objekti&#8221; Zrenjanin&nbsp;s ponosom predstavlja gradski bazen, savremeni sportsko-rekreativni centar prilago\u0111en potrebama svih na\u0161ih posetilaca.<\/p>\n<hr>\n<h4>Sadr\u017eaj i infrastruktura<\/h4>\n<ul>\n<li>Otvoreni deo: Veliki olimpijski bazen i mali bazen.<\/li>\n<li>Zatvoreni deo: Veliki bazen i mali bazen.<\/li>\n<li>Dodatni sadr\u017eaji:\n<ul>\n<li>Teretana namenjena pliva\u010dkim i vaterpolo klubovima.<\/li>\n<li>Sauna i pomo\u0107na sala za fitnes.<\/li>\n<li>Kapacitet tribina: 350 gledalaca.<\/li>\n<\/ul>\n<\/li>\n<\/ul>\n<p>Prilago\u0111enost:&nbsp;Objekat je inkluzivan i prilago\u0111en osobama sa invaliditetom, sa rampom, liftom i posebnim sanitarnim \u010dvorovima.<\/p>\n<hr>\n<h4>Radno vreme za gra\u0111anstvo<\/h4>\n<ul>\n<li>Radnim danima: 11:00\u201319:00.<\/li>\n<li>Vikendom: 10:00\u201319:00.<br><em>Napomena: Jutarnji i ve\u010dernji termini rezervisani su za treninge (07:00\u201311:00 i 19:00\u201322:30).<\/em><\/li>\n<\/ul>\n<hr>\n<h4>Cene karata<\/h4>\n<ul>\n<li>Deca do 5 godina: Besplatno.<\/li>\n<li>Deca do 12 godina, studenti: 100 RSD.<\/li>\n<li>Odrasli: 200 RSD.<\/li>\n<li>Blok ulaznica za odrasle&nbsp;(25 ulaza): 3,250 RSD.<\/li>\n<li>Le\u017ealjke: 150 RSD.<\/li>\n<li>Sauna: 200 RSD.<\/li>\n<li>Blok za saunu + bazen&nbsp;(10 ulaza): 3,360 RSD.<\/li>\n<\/ul>\n<hr>\n<h4>Temperatura vode<\/h4>\n<ul>\n<li>Zatvoreni bazen: 27\u00b0C (prema FINA standardima).<\/li>\n<li>Otvoreni bazen: Min. 22\u00b0C (uz dogrevanje po potrebi).<\/li>\n<\/ul>\n<hr>\n<p>Gradski bazen Zrenjanin je pravo mesto za rekreaciju, sport i opu\u0161tanje. Posetite nas i u\u017eivajte u prijatnoj atmosferi i vrhunskim uslovima!<\/p>\n<p>Otvoreni olimpijski bazen u funkciji je od 1973. godine. Pored njega postoji i pomo\u0107ni, de\u010diji rekreativni bazen.<br>Pokriveni bazen &#8211; dimenzija 33 x 25 m i de\u010diji du\u017eine 12.5 m u funkciji je od 1981. godine. Kapacitet objekta na tribinama je do 350 gledalaca. Bazen poseduje i druge sadr\u017eaje, saunu, kafe i pomo\u0107nu salu za fitnes i druge sportove te poslovne sale koje koriste sportski klubovi.<\/p>\n<p><strong>Radno vreme zatvorenog bazena je svakodnevno od 11 do 18,30 \u010dasova.<br>Radno vreme otvorenog bazena je radnim danom od 11 do 18,30, a vikendom od 10 \u2013 18,30 \u010dasova.<\/strong><\/p>\n<div id=\"attachment_232\" style=\"width: 300px\" class=\"wp-caption alignleft\"><a href=\"http:\/\/media.sportskiobjekti.com\/2012\/02\/zrenjanin-bazen-plivacki-miting.jpg\"><img loading=\"lazy\" decoding=\"async\" aria-describedby=\"caption-attachment-232\" class=\"size-medium wp-image-232 \" title=\"Zatvoreni bazen\" src=\"http:\/\/media.sportskiobjekti.com\/2012\/02\/zrenjanin-bazen-plivacki-miting-300x184.jpg\" alt=\"\" width=\"300\" height=\"184\" srcset=\"https:\/\/sportskiobjekti.com\/wp-content\/uploads\/2012\/02\/zrenjanin-bazen-plivacki-miting-300x184.jpg 300w, https:\/\/sportskiobjekti.com\/wp-content\/uploads\/2012\/02\/zrenjanin-bazen-plivacki-miting.jpg 520w\" sizes=\"auto, (max-width: 300px) 100vw, 300px\" \/><\/a><p id=\"caption-attachment-232\" class=\"wp-caption-text\">Tradicionalni me\u0111unarodni pliva\u010dki miting &#8220;Kup Zrenjanina&#8221;<\/p><\/div>\n\n\n\n\n<figure class=\"wp-block-gallery has-nested-images columns-default is-cropped wp-block-gallery-1 is-layout-flex wp-block-gallery-is-layout-flex\">\n<figure class=\"wp-block-image size-large\"><img loading=\"lazy\" decoding=\"async\" width=\"1024\" height=\"576\" data-id=\"3398\" src=\"https:\/\/sportskiobjekti.com\/wp-content\/uploads\/2024\/12\/IMG-1b760359b43d69b7036eaa07fd6476ef-V-1-1024x576.jpg\" alt=\"\" class=\"wp-image-3398\" srcset=\"https:\/\/sportskiobjekti.com\/wp-content\/uploads\/2024\/12\/IMG-1b760359b43d69b7036eaa07fd6476ef-V-1-1024x576.jpg 1024w, https:\/\/sportskiobjekti.com\/wp-content\/uploads\/2024\/12\/IMG-1b760359b43d69b7036eaa07fd6476ef-V-1-300x169.jpg 300w, https:\/\/sportskiobjekti.com\/wp-content\/uploads\/2024\/12\/IMG-1b760359b43d69b7036eaa07fd6476ef-V-1-768x432.jpg 768w, https:\/\/sportskiobjekti.com\/wp-content\/uploads\/2024\/12\/IMG-1b760359b43d69b7036eaa07fd6476ef-V-1-400x225.jpg 400w, https:\/\/sportskiobjekti.com\/wp-content\/uploads\/2024\/12\/IMG-1b760359b43d69b7036eaa07fd6476ef-V-1-1536x864.jpg 1536w, https:\/\/sportskiobjekti.com\/wp-content\/uploads\/2024\/12\/IMG-1b760359b43d69b7036eaa07fd6476ef-V-1-750x422.jpg 750w, https:\/\/sportskiobjekti.com\/wp-content\/uploads\/2024\/12\/IMG-1b760359b43d69b7036eaa07fd6476ef-V-1.jpg 1600w\" sizes=\"auto, (max-width: 1024px) 100vw, 1024px\" \/><\/figure>\n<\/figure>\n\n\n\n<p><\/p>\n\n\n\n\n\n<figure class=\"wp-block-gallery has-nested-images columns-default is-cropped wp-block-gallery-2 is-layout-flex wp-block-gallery-is-layout-flex\">\n<figure class=\"wp-block-image size-large\"><img loading=\"lazy\" decoding=\"async\" width=\"1024\" height=\"473\" data-id=\"3401\" src=\"https:\/\/sportskiobjekti.com\/wp-content\/uploads\/2024\/12\/IMG-6c0c2919ee640288c5b469c3c38b590a-V-1024x473.jpg\" alt=\"\" class=\"wp-image-3401\" srcset=\"https:\/\/sportskiobjekti.com\/wp-content\/uploads\/2024\/12\/IMG-6c0c2919ee640288c5b469c3c38b590a-V-1024x473.jpg 1024w, https:\/\/sportskiobjekti.com\/wp-content\/uploads\/2024\/12\/IMG-6c0c2919ee640288c5b469c3c38b590a-V-300x139.jpg 300w, https:\/\/sportskiobjekti.com\/wp-content\/uploads\/2024\/12\/IMG-6c0c2919ee640288c5b469c3c38b590a-V-768x355.jpg 768w, https:\/\/sportskiobjekti.com\/wp-content\/uploads\/2024\/12\/IMG-6c0c2919ee640288c5b469c3c38b590a-V-400x185.jpg 400w, https:\/\/sportskiobjekti.com\/wp-content\/uploads\/2024\/12\/IMG-6c0c2919ee640288c5b469c3c38b590a-V-1536x709.jpg 1536w, https:\/\/sportskiobjekti.com\/wp-content\/uploads\/2024\/12\/IMG-6c0c2919ee640288c5b469c3c38b590a-V-750x346.jpg 750w, https:\/\/sportskiobjekti.com\/wp-content\/uploads\/2024\/12\/IMG-6c0c2919ee640288c5b469c3c38b590a-V.jpg 1600w\" sizes=\"auto, (max-width: 1024px) 100vw, 1024px\" \/><\/figure>\n<\/figure>\n\n\n\n<figure class=\"wp-block-gallery has-nested-images columns-default is-cropped wp-block-gallery-3 is-layout-flex wp-block-gallery-is-layout-flex\">\n<figure class=\"wp-block-image size-large\"><img loading=\"lazy\" decoding=\"async\" width=\"560\" height=\"315\" data-id=\"3404\" src=\"https:\/\/sportskiobjekti.com\/wp-content\/uploads\/2024\/12\/slika.jpg\" alt=\"\" class=\"wp-image-3404\" srcset=\"https:\/\/sportskiobjekti.com\/wp-content\/uploads\/2024\/12\/slika.jpg 560w, https:\/\/sportskiobjekti.com\/wp-content\/uploads\/2024\/12\/slika-300x169.jpg 300w, https:\/\/sportskiobjekti.com\/wp-content\/uploads\/2024\/12\/slika-400x225.jpg 400w\" sizes=\"auto, (max-width: 560px) 100vw, 560px\" \/><\/figure>\n<\/figure>\n\n\n\n<figure class=\"wp-block-gallery has-nested-images columns-default is-cropped wp-block-gallery-4 is-layout-flex wp-block-gallery-is-layout-flex\">\n<figure class=\"wp-block-image size-large\"><img loading=\"lazy\" decoding=\"async\" width=\"600\" height=\"400\" data-id=\"3409\" src=\"https:\/\/sportskiobjekti.com\/wp-content\/uploads\/2024\/12\/IMG-a53c45ace174f8999508bf4587006662-V.jpg\" alt=\"\" class=\"wp-image-3409\" srcset=\"https:\/\/sportskiobjekti.com\/wp-content\/uploads\/2024\/12\/IMG-a53c45ace174f8999508bf4587006662-V.jpg 600w, https:\/\/sportskiobjekti.com\/wp-content\/uploads\/2024\/12\/IMG-a53c45ace174f8999508bf4587006662-V-300x200.jpg 300w, https:\/\/sportskiobjekti.com\/wp-content\/uploads\/2024\/12\/IMG-a53c45ace174f8999508bf4587006662-V-400x267.jpg 400w\" sizes=\"auto, (max-width: 600px) 100vw, 600px\" \/><\/figure>\n<\/figure>\n","protected":false},"excerpt":{"rendered":"<p>Dobrodo\u0161li na Gradski bazen \u2013 Zrenjanin! Javna ustanova&nbsp;&#8220;Sportski objekti&#8221; Zrenjanin&nbsp;s ponosom predstavlja gradski bazen, savremeni sportsko-rekreativni centar prilago\u0111en potrebama svih na\u0161ih posetilaca. Sadr\u017eaj i infrastruktura Otvoreni deo: Veliki olimpijski bazen i mali bazen. Zatvoreni deo: Veliki bazen i mali bazen. Dodatni sadr\u017eaji: Teretana namenjena pliva\u010dkim i vaterpolo klubovima. Sauna i pomo\u0107na sala za fitnes. Kapacitet &hellip; <\/p>\n<p><a class=\"more-link btn\" href=\"https:\/\/sportskiobjekti.com\/?page_id=149\">Continue reading<\/a><\/p>\n","protected":false},"author":1,"featured_media":0,"parent":93,"menu_order":0,"comment_status":"closed","ping_status":"open","template":"","meta":{"ngg_post_thumbnail":0,"footnotes":""},"class_list":["post-149","page","type-page","status-publish","hentry","nodate","item-wrap"],"_links":{"self":[{"href":"https:\/\/sportskiobjekti.com\/index.php?rest_route=\/wp\/v2\/pages\/149","targetHints":{"allow":["GET"]}}],"collection":[{"href":"https:\/\/sportskiobjekti.com\/index.php?rest_route=\/wp\/v2\/pages"}],"about":[{"href":"https:\/\/sportskiobjekti.com\/index.php?rest_route=\/wp\/v2\/types\/page"}],"author":[{"embeddable":true,"href":"https:\/\/sportskiobjekti.com\/index.php?rest_route=\/wp\/v2\/users\/1"}],"replies":[{"embeddable":true,"href":"https:\/\/sportskiobjekti.com\/index.php?rest_route=%2Fwp%2Fv2%2Fcomments&post=149"}],"version-history":[{"count":18,"href":"https:\/\/sportskiobjekti.com\/index.php?rest_route=\/wp\/v2\/pages\/149\/revisions"}],"predecessor-version":[{"id":4024,"href":"https:\/\/sportskiobjekti.com\/index.php?rest_route=\/wp\/v2\/pages\/149\/revisions\/4024"}],"up":[{"embeddable":true,"href":"https:\/\/sportskiobjekti.com\/index.php?rest_route=\/wp\/v2\/pages\/93"}],"wp:attachment":[{"href":"https:\/\/sportskiobjekti.com\/index.php?rest_route=%2Fwp%2Fv2%2Fmedia&parent=149"}],"curies":[{"name":"wp","href":"https:\/\/api.w.org\/{rel}","templated":true}]}}